{"id":333,"date":"2025-01-26T19:46:52","date_gmt":"2025-01-26T18:46:52","guid":{"rendered":"https:\/\/patrimind.com\/?page_id=333"},"modified":"2025-02-12T09:03:51","modified_gmt":"2025-02-12T08:03:51","slug":"bienvenue-sur-ma-page-de-contact","status":"publish","type":"page","link":"https:\/\/patrimind.com\/index.php\/bienvenue-sur-ma-page-de-contact\/","title":{"rendered":"Contacter"},"content":{"rendered":"<section class=\"l-section wpb_row height_medium\"><div class=\"l-section-h i-cf\"><div class=\"g-cols vc_row via_grid cols_1 laptops-cols_inherit tablets-cols_inherit mobiles-cols_1 valign_top type_default stacking_default\"><div class=\"wpb_column vc_column_container\"><div class=\"vc_column-inner\"><div class=\"wpb_text_column\"><div class=\"wpb_wrapper\"><h2 style=\"text-align: center;\">D\u00e9couvrez la tranquillit\u00e9 financi\u00e8re avec un expert \u00e0 Paris.<\/h2>\n<\/div><\/div><div class=\"w-image align_center\"><a href=\"https:\/\/patrimind.com\/index.php\/blog\/\" aria-label=\"photo-output (13)\" class=\"w-image-h\"><img decoding=\"async\" width=\"916\" height=\"1144\" src=\"https:\/\/patrimind.com\/wp-content\/uploads\/2025\/01\/photo-output-13.jpeg\" class=\"attachment-full size-full\" alt=\"\" loading=\"lazy\" srcset=\"https:\/\/patrimind.com\/wp-content\/uploads\/2025\/01\/photo-output-13.jpeg 916w, https:\/\/patrimind.com\/wp-content\/uploads\/2025\/01\/photo-output-13-240x300.jpeg 240w, https:\/\/patrimind.com\/wp-content\/uploads\/2025\/01\/photo-output-13-820x1024.jpeg 820w\" sizes=\"auto, (max-width: 916px) 100vw, 916px\" \/><\/a><\/div><div class=\"wpb_text_column\"><div class=\"wpb_wrapper\"><p>Je sais que naviguer dans le monde financier peut sembler intimidant, mais vous n&#8217;\u00eates pas seul. En tant que conseill\u00e8re financi\u00e8re exp\u00e9riment\u00e9e \u00e0 Paris, je suis d\u00e9di\u00e9e \u00e0 simplifier votre exp\u00e9rience et \u00e0 vous offrir des solutions claires, efficaces et sereines. Sur cette page de contact, vous trouverez une porte ouverte vers des conseils personnalis\u00e9s pour optimiser vos investissements, g\u00e9rer ou cr\u00e9er votre patrimoine, et optimiser votre fiscalit\u00e9.<\/p>\n<p>Que vous souhaitiez approfondir votre compr\u00e9hension des produits financiers offrant de la s\u00e9curit\u00e9, b\u00e2tir un portefeuille diversifi\u00e9 ou encore vous aventurer sur le march\u00e9 de l&#8217;or et des changes, mon engagement est de vous offrir une expertise sur mesure. Avec une approche transparente et ax\u00e9e sur vos besoins, nous travaillerons ensemble pour renforcer <a href=\"https:\/\/patrimind.com\/index.php\/2025\/01\/17\/preparer-votre-retraite\/\">votre avenir financier<\/a>.<\/p>\n<p>Je suis \u00e0 votre disposition pour toute question ou pour d\u00e9buter notre collaboration.<\/p>\n<p>Sinc\u00e8rement,<br \/>\nFrederique Agnez<\/p>\n<\/div><\/div><div class=\"w-separator size_small\"><\/div><div class=\"w-separator size_small\"><\/div><div class=\"wpb_text_column\"><div class=\"wpb_wrapper\"><h1 style=\"text-align: center;\">Contactez-nous pour une consultation gratuite aujourd&#8217;hui !<\/h1>\n<\/div><\/div><\/div><\/div><\/div><\/div><\/section><section class=\"l-section wpb_row height_medium\"><div class=\"l-section-h i-cf\"><div class=\"g-cols vc_row via_grid cols_2 laptops-cols_inherit tablets-cols_inherit mobiles-cols_1 valign_top type_default stacking_default\"><div class=\"wpb_column vc_column_container\"><div class=\"vc_column-inner\"><div class=\"w-contacts us_custom_eb849559\"><div class=\"w-contacts-list\"><div class=\"w-contacts-item for_address\"><span class=\"w-contacts-item-value\">Rue Vivienne, 75002 Paris, France<\/span><\/div><div class=\"w-contacts-item for_phone\"><span class=\"w-contacts-item-value\">+33631543614<\/span><\/div><div class=\"w-contacts-item for_email\"><span class=\"w-contacts-item-value\"><a href=\"mailto:f.agnez@patrimind.com\">f.agnez@patrimind.com<\/a><\/span><\/div><\/div><\/div><div class=\"w-separator size_small\"><\/div><form class=\"w-form  us-field-style_1 layout_ver for_cform us_form_1\" autocomplete=\"off\" action=\"https:\/\/patrimind.com\/index.php\/wp-json\/wp\/v2\/pages\/333\" method=\"post\"><div class=\"w-form-h\"><div class=\"w-form-row for_text\">\r\n\t\t<div class=\"w-form-row-field\">\r\n\t\t\t\t\t\t<input aria-label=\"Name\" type=\"text\" name=\"us_form_1_text_1\" value placeholder=\"Name\"\/>\r\n\t\t\t<\/div>\r\n\t\t<div class=\"w-form-row-state\">Fill out this field<\/div>\r\n<\/div>\r\n<div class=\"w-form-row for_email\">\r\n\t\t<div class=\"w-form-row-field\">\r\n\t\t\t\t\t\t<input aria-label=\"Email\" type=\"email\" name=\"us_form_1_email_1\" value placeholder=\"Email\"\/>\r\n\t\t\t<\/div>\r\n\t\t<div class=\"w-form-row-state\">Please enter a valid email address.<\/div>\r\n<\/div>\r\n<div class=\"w-form-row for_textarea\">\r\n\t\t<div class=\"w-form-row-field\">\r\n\t\t\t\t\t\t<textarea aria-label=\"Text\" name=\"us_form_1_textarea_1\" placeholder=\"Text\"><\/textarea>\r\n\t\t\t<\/div>\r\n\t\t<div class=\"w-form-row-state\">Fill out this field<\/div>\r\n<\/div>\r\n<input type=\"hidden\" name=\"action\" value=\"us_ajax_cform\" \/>\r\n<input type=\"hidden\" name=\"post_id\" value=\"0\" \/>\r\n<input type=\"hidden\" name=\"form_index\" value=\"1\" \/>\r\n<div class=\"w-form-row for_submit align_center\">\r\n\t<button class=\"w-btn  us-btn-style_2\" aria-label=\"Submit\" type=\"submit\">\r\n\t\t<span class=\"g-preloader type_1\"><\/span>\r\n\t\t\t\t<span class=\"w-btn-label\">Submit<\/span>\r\n\t\t\t<\/button>\r\n\t<\/div>\r\n<\/div><div class=\"w-form-message\"><\/div><div class=\"w-form-json hidden\" onclick='return {&quot;ajaxurl&quot;:&quot;https:\\\/\\\/patrimind.com\\\/wp-admin\\\/admin-ajax.php&quot;,&quot;messages&quot;:{&quot;err_empty&quot;:&quot;Fill out this field&quot;,&quot;err_size&quot;:&quot;File size cannot exceed %s MB&quot;,&quot;err_extension&quot;:&quot;%s file type is not allowed&quot;}}'><\/div><\/form><\/div><\/div><div class=\"wpb_column vc_column_container\"><div class=\"vc_column-inner\"><div class=\"wpb_text_column\"><div class=\"wpb_wrapper\"><h4 style=\"text-align: center;\">Patrimind offre des services de gestion dans tous les secteurs de Paris.<\/h4>\n<\/div><\/div><div class=\"w-separator size_small\"><\/div><div class=\"w-html\"><iframe src=\"https:\/\/www.google.com\/maps\/embed?pb=!1m18!1m12!1m3!1d63983.29764975205!2d2.353040159372285!3d48.85905321223224!2m3!1f0!2f0!3f0!3m2!1i1024!2i768!4f13.1!3m3!1m2!1s0x47e66e1f06e2b70f%3A0x40b82c3688c9460!2sParis%2C%20France!5e1!3m2!1sen!2sus!4v1737914874356!5m2!1sen!2sus\" width=\"600\" height=\"450\" style=\"border:0;\" allowfullscreen=\"\" loading=\"lazy\" referrerpolicy=\"no-referrer-when-downgrade\"><\/iframe><\/div><\/div><\/div><\/div><\/div><\/section><section class=\"l-section wpb_row height_medium\"><div class=\"l-section-h i-cf\"><div class=\"g-cols vc_row via_grid cols_1 laptops-cols_inherit tablets-cols_inherit mobiles-cols_1 valign_top type_default stacking_default\"><div class=\"wpb_column vc_column_container\"><div class=\"vc_column-inner\"><\/div><\/div><\/div><\/div><\/section>\n","protected":false},"excerpt":{"rendered":"D\u00e9couvrez la tranquillit\u00e9 financi\u00e8re avec un expert \u00e0 Paris. Je sais que naviguer dans le monde financier peut sembler intimidant, mais vous n&#8217;\u00eates pas seul. En tant que conseill\u00e8re financi\u00e8re exp\u00e9riment\u00e9e \u00e0 Paris, je suis d\u00e9di\u00e9e \u00e0 simplifier votre exp\u00e9rience et \u00e0 vous offrir des solutions claires, efficaces et sereines. Sur cette page de contact,...","protected":false},"author":3,"featured_media":416,"parent":0,"menu_order":0,"comment_status":"closed","ping_status":"closed","template":"","meta":{"footnotes":""},"class_list":["post-333","page","type-page","status-publish","has-post-thumbnail","hentry"],"yoast_head":"<!-- This site is optimized with the Yoast SEO plugin v24.5 - https:\/\/yoast.com\/wordpress\/plugins\/seo\/ -->\n<title>Contacter - Patrimind.com<\/title>\n<meta name=\"description\" content=\"Bienvenue sur notre page contact. Nous couvrons la r\u00e9gion parisienne et la Normandie. Notre mission : vous aider \u00e0 prendre des d\u00e9cisions ...\" \/>\n<meta name=\"robots\" content=\"index, follow, max-snippet:-1, max-image-preview:large, max-video-preview:-1\" \/>\n<link rel=\"canonical\" href=\"https:\/\/patrimind.com\/index.php\/bienvenue-sur-ma-page-de-contact\/\" \/>\n<meta property=\"og:locale\" content=\"en_US\" \/>\n<meta property=\"og:type\" content=\"article\" \/>\n<meta property=\"og:title\" content=\"Contacter - Patrimind.com\" \/>\n<meta property=\"og:description\" content=\"Bienvenue sur notre page contact. Nous couvrons la r\u00e9gion parisienne et la Normandie. Notre mission : vous aider \u00e0 prendre des d\u00e9cisions ...\" \/>\n<meta property=\"og:url\" content=\"https:\/\/patrimind.com\/index.php\/bienvenue-sur-ma-page-de-contact\/\" \/>\n<meta property=\"og:site_name\" content=\"Patrimind.com\" \/>\n<meta property=\"article:modified_time\" content=\"2025-02-12T08:03:51+00:00\" \/>\n<meta property=\"og:image\" content=\"http:\/\/patrimind.com\/wp-content\/uploads\/2025\/02\/patrimind-8.png\" \/>\n\t<meta property=\"og:image:width\" content=\"500\" \/>\n\t<meta property=\"og:image:height\" content=\"500\" \/>\n\t<meta property=\"og:image:type\" content=\"image\/png\" \/>\n<meta name=\"twitter:card\" content=\"summary_large_image\" \/>\n<meta name=\"twitter:label1\" content=\"Est. reading time\" \/>\n\t<meta name=\"twitter:data1\" content=\"2 minutes\" \/>\n<script type=\"application\/ld+json\" class=\"yoast-schema-graph\">{\"@context\":\"https:\/\/schema.org\",\"@graph\":[{\"@type\":\"WebPage\",\"@id\":\"https:\/\/patrimind.com\/index.php\/bienvenue-sur-ma-page-de-contact\/\",\"url\":\"https:\/\/patrimind.com\/index.php\/bienvenue-sur-ma-page-de-contact\/\",\"name\":\"Contacter - Patrimind.com\",\"isPartOf\":{\"@id\":\"https:\/\/patrimind.com\/#website\"},\"primaryImageOfPage\":{\"@id\":\"https:\/\/patrimind.com\/index.php\/bienvenue-sur-ma-page-de-contact\/#primaryimage\"},\"image\":{\"@id\":\"https:\/\/patrimind.com\/index.php\/bienvenue-sur-ma-page-de-contact\/#primaryimage\"},\"thumbnailUrl\":\"https:\/\/patrimind.com\/wp-content\/uploads\/2025\/02\/patrimind-8.png\",\"datePublished\":\"2025-01-26T18:46:52+00:00\",\"dateModified\":\"2025-02-12T08:03:51+00:00\",\"description\":\"Bienvenue sur notre page contact. Nous couvrons la r\u00e9gion parisienne et la Normandie. Notre mission : vous aider \u00e0 prendre des d\u00e9cisions ...\",\"breadcrumb\":{\"@id\":\"https:\/\/patrimind.com\/index.php\/bienvenue-sur-ma-page-de-contact\/#breadcrumb\"},\"inLanguage\":\"en-US\",\"potentialAction\":[{\"@type\":\"ReadAction\",\"target\":[\"https:\/\/patrimind.com\/index.php\/bienvenue-sur-ma-page-de-contact\/\"]}]},{\"@type\":\"ImageObject\",\"inLanguage\":\"en-US\",\"@id\":\"https:\/\/patrimind.com\/index.php\/bienvenue-sur-ma-page-de-contact\/#primaryimage\",\"url\":\"https:\/\/patrimind.com\/wp-content\/uploads\/2025\/02\/patrimind-8.png\",\"contentUrl\":\"https:\/\/patrimind.com\/wp-content\/uploads\/2025\/02\/patrimind-8.png\",\"width\":500,\"height\":500,\"caption\":\"Patrimind frederique agnez\"},{\"@type\":\"BreadcrumbList\",\"@id\":\"https:\/\/patrimind.com\/index.php\/bienvenue-sur-ma-page-de-contact\/#breadcrumb\",\"itemListElement\":[{\"@type\":\"ListItem\",\"position\":1,\"name\":\"Home\",\"item\":\"https:\/\/patrimind.com\/\"},{\"@type\":\"ListItem\",\"position\":2,\"name\":\"Contacter\"}]},{\"@type\":\"WebSite\",\"@id\":\"https:\/\/patrimind.com\/#website\",\"url\":\"https:\/\/patrimind.com\/\",\"name\":\"Patrimind\",\"description\":\"Un site utilisant WordPress\",\"publisher\":{\"@id\":\"https:\/\/patrimind.com\/#\/schema\/person\/07f16ba685a9938ee5358ca0c06e417a\"},\"potentialAction\":[{\"@type\":\"SearchAction\",\"target\":{\"@type\":\"EntryPoint\",\"urlTemplate\":\"https:\/\/patrimind.com\/?s={search_term_string}\"},\"query-input\":{\"@type\":\"PropertyValueSpecification\",\"valueRequired\":true,\"valueName\":\"search_term_string\"}}],\"inLanguage\":\"en-US\"},{\"@type\":[\"Person\",\"Organization\"],\"@id\":\"https:\/\/patrimind.com\/#\/schema\/person\/07f16ba685a9938ee5358ca0c06e417a\",\"name\":\"Venessa\",\"image\":{\"@type\":\"ImageObject\",\"inLanguage\":\"en-US\",\"@id\":\"https:\/\/patrimind.com\/#\/schema\/person\/image\/\",\"url\":\"https:\/\/patrimind.com\/wp-content\/uploads\/2024\/11\/photo-output-4.jpg\",\"contentUrl\":\"https:\/\/patrimind.com\/wp-content\/uploads\/2024\/11\/photo-output-4.jpg\",\"width\":2048,\"height\":2048,\"caption\":\"Venessa\"},\"logo\":{\"@id\":\"https:\/\/patrimind.com\/#\/schema\/person\/image\/\"}}]}<\/script>\n<!-- \/ Yoast SEO plugin. -->","yoast_head_json":{"title":"Contacter - Patrimind.com","description":"Bienvenue sur notre page contact. Nous couvrons la r\u00e9gion parisienne et la Normandie. Notre mission : vous aider \u00e0 prendre des d\u00e9cisions ...","robots":{"index":"index","follow":"follow","max-snippet":"max-snippet:-1","max-image-preview":"max-image-preview:large","max-video-preview":"max-video-preview:-1"},"canonical":"https:\/\/patrimind.com\/index.php\/bienvenue-sur-ma-page-de-contact\/","og_locale":"en_US","og_type":"article","og_title":"Contacter - Patrimind.com","og_description":"Bienvenue sur notre page contact. Nous couvrons la r\u00e9gion parisienne et la Normandie. Notre mission : vous aider \u00e0 prendre des d\u00e9cisions ...","og_url":"https:\/\/patrimind.com\/index.php\/bienvenue-sur-ma-page-de-contact\/","og_site_name":"Patrimind.com","article_modified_time":"2025-02-12T08:03:51+00:00","og_image":[{"width":500,"height":500,"url":"http:\/\/patrimind.com\/wp-content\/uploads\/2025\/02\/patrimind-8.png","type":"image\/png"}],"twitter_card":"summary_large_image","twitter_misc":{"Est. reading time":"2 minutes"},"schema":{"@context":"https:\/\/schema.org","@graph":[{"@type":"WebPage","@id":"https:\/\/patrimind.com\/index.php\/bienvenue-sur-ma-page-de-contact\/","url":"https:\/\/patrimind.com\/index.php\/bienvenue-sur-ma-page-de-contact\/","name":"Contacter - Patrimind.com","isPartOf":{"@id":"https:\/\/patrimind.com\/#website"},"primaryImageOfPage":{"@id":"https:\/\/patrimind.com\/index.php\/bienvenue-sur-ma-page-de-contact\/#primaryimage"},"image":{"@id":"https:\/\/patrimind.com\/index.php\/bienvenue-sur-ma-page-de-contact\/#primaryimage"},"thumbnailUrl":"https:\/\/patrimind.com\/wp-content\/uploads\/2025\/02\/patrimind-8.png","datePublished":"2025-01-26T18:46:52+00:00","dateModified":"2025-02-12T08:03:51+00:00","description":"Bienvenue sur notre page contact. Nous couvrons la r\u00e9gion parisienne et la Normandie. Notre mission : vous aider \u00e0 prendre des d\u00e9cisions ...","breadcrumb":{"@id":"https:\/\/patrimind.com\/index.php\/bienvenue-sur-ma-page-de-contact\/#breadcrumb"},"inLanguage":"en-US","potentialAction":[{"@type":"ReadAction","target":["https:\/\/patrimind.com\/index.php\/bienvenue-sur-ma-page-de-contact\/"]}]},{"@type":"ImageObject","inLanguage":"en-US","@id":"https:\/\/patrimind.com\/index.php\/bienvenue-sur-ma-page-de-contact\/#primaryimage","url":"https:\/\/patrimind.com\/wp-content\/uploads\/2025\/02\/patrimind-8.png","contentUrl":"https:\/\/patrimind.com\/wp-content\/uploads\/2025\/02\/patrimind-8.png","width":500,"height":500,"caption":"Patrimind frederique agnez"},{"@type":"BreadcrumbList","@id":"https:\/\/patrimind.com\/index.php\/bienvenue-sur-ma-page-de-contact\/#breadcrumb","itemListElement":[{"@type":"ListItem","position":1,"name":"Home","item":"https:\/\/patrimind.com\/"},{"@type":"ListItem","position":2,"name":"Contacter"}]},{"@type":"WebSite","@id":"https:\/\/patrimind.com\/#website","url":"https:\/\/patrimind.com\/","name":"Patrimind","description":"Un site utilisant WordPress","publisher":{"@id":"https:\/\/patrimind.com\/#\/schema\/person\/07f16ba685a9938ee5358ca0c06e417a"},"potentialAction":[{"@type":"SearchAction","target":{"@type":"EntryPoint","urlTemplate":"https:\/\/patrimind.com\/?s={search_term_string}"},"query-input":{"@type":"PropertyValueSpecification","valueRequired":true,"valueName":"search_term_string"}}],"inLanguage":"en-US"},{"@type":["Person","Organization"],"@id":"https:\/\/patrimind.com\/#\/schema\/person\/07f16ba685a9938ee5358ca0c06e417a","name":"Venessa","image":{"@type":"ImageObject","inLanguage":"en-US","@id":"https:\/\/patrimind.com\/#\/schema\/person\/image\/","url":"https:\/\/patrimind.com\/wp-content\/uploads\/2024\/11\/photo-output-4.jpg","contentUrl":"https:\/\/patrimind.com\/wp-content\/uploads\/2024\/11\/photo-output-4.jpg","width":2048,"height":2048,"caption":"Venessa"},"logo":{"@id":"https:\/\/patrimind.com\/#\/schema\/person\/image\/"}}]}},"jetpack_sharing_enabled":true,"_links":{"self":[{"href":"https:\/\/patrimind.com\/index.php\/wp-json\/wp\/v2\/pages\/333","targetHints":{"allow":["GET"]}}],"collection":[{"href":"https:\/\/patrimind.com\/index.php\/wp-json\/wp\/v2\/pages"}],"about":[{"href":"https:\/\/patrimind.com\/index.php\/wp-json\/wp\/v2\/types\/page"}],"author":[{"embeddable":true,"href":"https:\/\/patrimind.com\/index.php\/wp-json\/wp\/v2\/users\/3"}],"replies":[{"embeddable":true,"href":"https:\/\/patrimind.com\/index.php\/wp-json\/wp\/v2\/comments?post=333"}],"version-history":[{"count":20,"href":"https:\/\/patrimind.com\/index.php\/wp-json\/wp\/v2\/pages\/333\/revisions"}],"predecessor-version":[{"id":537,"href":"https:\/\/patrimind.com\/index.php\/wp-json\/wp\/v2\/pages\/333\/revisions\/537"}],"wp:featuredmedia":[{"embeddable":true,"href":"https:\/\/patrimind.com\/index.php\/wp-json\/wp\/v2\/media\/416"}],"wp:attachment":[{"href":"https:\/\/patrimind.com\/index.php\/wp-json\/wp\/v2\/media?parent=333"}],"curies":[{"name":"wp","href":"https:\/\/api.w.org\/{rel}","templated":true}]}}